{"id":757,"date":"2022-11-14T19:59:28","date_gmt":"2022-11-14T18:59:28","guid":{"rendered":"https:\/\/reestdalhoeve.nl\/datenschutzbestimmungen\/"},"modified":"2023-01-30T11:43:14","modified_gmt":"2023-01-30T10:43:14","slug":"datenschutzbestimmungen","status":"publish","type":"page","link":"https:\/\/reestdalhoeve.nl\/de\/datenschutzbestimmungen\/","title":{"rendered":"Datenschutzbestimmungen"},"content":{"rendered":"\t\t<div data-elementor-type=\"wp-page\" data-elementor-id=\"757\" class=\"elementor elementor-757\" data-elementor-post-type=\"page\">\n\t\t\t\t\t\t<section class=\"elementor-section elementor-top-section elementor-element elementor-element-453c44a elementor-section-height-min-height elementor-section-items-bottom elementor-section-boxed elementor-section-height-default\" data-id=\"453c44a\" data-element_type=\"section\" data-e-type=\"section\" data-settings=\"{&quot;background_background&quot;:&quot;classic&quot;}\">\n\t\t\t\t\t\t\t<div class=\"elementor-background-overlay\"><\/div>\n\t\t\t\t\t\t\t<div class=\"elementor-container elementor-column-gap-default\">\n\t\t\t\t\t<div class=\"elementor-column elementor-col-100 elementor-top-column elementor-element elementor-element-1c19bc7\" data-id=\"1c19bc7\" data-element_type=\"column\" data-e-type=\"column\">\n\t\t\t<div class=\"elementor-widget-wrap elementor-element-populated\">\n\t\t\t\t\t\t<div class=\"elementor-element elementor-element-32fd758 elementor-widget elementor-widget-heading\" data-id=\"32fd758\" data-element_type=\"widget\" data-e-type=\"widget\" data-widget_type=\"heading.default\">\n\t\t\t\t<div class=\"elementor-widget-container\">\n\t\t\t\t\t<h1 class=\"elementor-heading-title elementor-size-default\">Datenschutzbestimmungen<\/h1>\t\t\t\t<\/div>\n\t\t\t\t<\/div>\n\t\t\t\t<div class=\"elementor-element elementor-element-c7cb9e3 elementor-align-center elementor-widget elementor-widget-breadcrumbs\" data-id=\"c7cb9e3\" data-element_type=\"widget\" data-e-type=\"widget\" data-widget_type=\"breadcrumbs.default\">\n\t\t\t\t<div class=\"elementor-widget-container\">\n\t\t\t\t\t<p id=\"breadcrumbs\"><span><span><a href=\"https:\/\/reestdalhoeve.nl\/de\/startseite\/\">Startseite<\/a><\/span><\/span><\/p>\t\t\t\t<\/div>\n\t\t\t\t<\/div>\n\t\t\t\t<div class=\"elementor-element elementor-element-bad1509 elementor-widget elementor-widget-spacer\" data-id=\"bad1509\" data-element_type=\"widget\" data-e-type=\"widget\" data-widget_type=\"spacer.default\">\n\t\t\t\t<div class=\"elementor-widget-container\">\n\t\t\t\t\t\t\t<div class=\"elementor-spacer\">\n\t\t\t<div class=\"elementor-spacer-inner\"><\/div>\n\t\t<\/div>\n\t\t\t\t\t\t<\/div>\n\t\t\t\t<\/div>\n\t\t\t\t\t<\/div>\n\t\t<\/div>\n\t\t\t\t\t<\/div>\n\t\t<\/section>\n\t\t\t\t<section class=\"elementor-section elementor-top-section elementor-element elementor-element-c2b531a elementor-section-boxed elementor-section-height-default elementor-section-height-default\" data-id=\"c2b531a\" data-element_type=\"section\" data-e-type=\"section\" data-settings=\"{&quot;background_background&quot;:&quot;classic&quot;}\">\n\t\t\t\t\t\t<div class=\"elementor-container elementor-column-gap-default\">\n\t\t\t\t\t<div class=\"elementor-column elementor-col-100 elementor-top-column elementor-element elementor-element-2f605e8\" data-id=\"2f605e8\" data-element_type=\"column\" data-e-type=\"column\">\n\t\t\t<div class=\"elementor-widget-wrap elementor-element-populated\">\n\t\t\t\t\t\t<div class=\"elementor-element elementor-element-b859d2a elementor-widget elementor-widget-text-editor\" data-id=\"b859d2a\" data-element_type=\"widget\" data-e-type=\"widget\" data-widget_type=\"text-editor.default\">\n\t\t\t\t<div class=\"elementor-widget-container\">\n\t\t\t\t\t\t\t\t\t<header class=\"entry-header\">\n<h1 class=\"entry-title\">Datenschutzbestimmungen<\/h1>\n<\/header>\n<div class=\"entry-content\">\n<p>Reestdalhoeve, mit Sitz in Den Huizen 4 7707 PL Balkbrug, ist f\u00fcr die Verarbeitung personenbezogener Daten, wie in dieser Datenschutzerkl\u00e4rung beschrieben, verantwortlich.<\/p>\n<h2>Kontaktinformationen:<\/h2>\n<p>https:\/\/reestdalhoeve.nl<br \/>Den Huizen 4<br \/>7707 PL<br \/>Balkbrug<\/p>\n<p>Karin Maat ist die Datenschutzbeauftragte von Reestdalhoeve. Sie ist erreichbar unter info@reestdalhoeve.nl<\/p>\n<h2>Personenbezogene Daten, die wir verarbeiten<\/h2>\n<p>Reestdalhoeve verarbeitet Ihre personenbezogenen Daten, weil Sie unsere Dienste nutzen und\/oder weil Sie uns diese Daten selbst zur Verf\u00fcgung stellen. Nachstehend finden Sie einen \u00dcberblick \u00fcber die von uns verarbeiteten personenbezogenen Daten:<br \/>&#8211; Vorname und Nachname<br \/>&#8211; Angaben zur Adresse<br \/>&#8211; Rufnummer<br \/>&#8211; E-Mail Adresse<br \/>&#8211; Details zum Standort<br \/>&#8211; Daten \u00fcber Ihre Aktivit\u00e4ten auf unserer Website<br \/>&#8211; Internet-Browser und Ger\u00e4tetyp<\/p>\n<h2>Besondere und\/oder sensible personenbezogene Daten, die wir verarbeiten<\/h2>\n<p>Unsere Website und\/oder unser Dienst beabsichtigt nicht, Daten von Website-Besuchern zu sammeln, die unter 16 Jahre alt sind. Es sei denn, sie haben die Erlaubnis der Eltern oder Erziehungsberechtigten. Wir k\u00f6nnen jedoch nicht \u00fcberpr\u00fcfen, ob ein Besucher \u00fcber 16 Jahre alt ist. Wir empfehlen daher, die Eltern in die Online-Aktivit\u00e4ten ihrer Kinder einzubeziehen, um zu verhindern, dass Daten \u00fcber Kinder ohne elterliche Zustimmung gesammelt werden. Wenn Sie davon \u00fcberzeugt sind, dass wir personenbezogene Daten \u00fcber einen Minderj\u00e4hrigen ohne eine solche Zustimmung gesammelt haben, wenden Sie sich bitte an info@reestdalhoeve.nl, und wir werden diese Informationen l\u00f6schen.<\/p>\n<h2>Zu welchem Zweck und auf welcher Grundlage wir personenbezogene Daten verarbeiten<\/h2>\n<p>Reestdalhoeve verarbeitet Ihre personenbezogenen Daten f\u00fcr die folgenden Zwecke:<br \/>&#8211; Abwicklung Ihrer Zahlung<br \/>&#8211; Zusendung unseres Newsletters und\/oder Werbeprospekts<br \/>&#8211; Sie anzurufen oder per E-Mail zu kontaktieren, wenn dies zur Erbringung unserer Dienstleistungen erforderlich ist<br \/>&#8211; Information \u00fcber \u00c4nderungen an unseren Dienstleistungen und Produkten<br \/>&#8211; Um Ihnen Waren und Dienstleistungen zu liefern<br \/>&#8211; Reestdalhoeve analysiert Ihr Verhalten auf der Website, um die Website zu verbessern.<br \/>&#8211; Reestdalhoeve verarbeitet auch personenbezogene Daten, wenn wir gesetzlich dazu verpflichtet sind, wie z. B. Daten, die wir f\u00fcr unsere Steuererkl\u00e4rung ben\u00f6tigen.<\/p>\n<h2>Automatisierte Entscheidungsfindung<\/h2>\n<p>Reestdalhoeve trifft keine Entscheidungen \u00fcber Angelegenheiten, die den Einzelnen (erheblich) beeintr\u00e4chtigen k\u00f6nnten, auf der Grundlage einer automatisierten Verarbeitung. Dies sind Entscheidungen, die von Computerprogrammen oder -systemen getroffen werden, ohne dass ein Mensch (z.B. ein Mitarbeiter von Reestdalhoeve) daran beteiligt ist.<\/p>\n<h2>Wie lange wir personenbezogene Daten aufbewahren<\/h2>\n<p>Reestdalhoeve wird Ihre personenbezogenen Daten nicht l\u00e4nger aufbewahren, als es f\u00fcr die Erf\u00fcllung der Zwecke, f\u00fcr die Ihre Daten erhoben wurden, unbedingt erforderlich ist. Wir verwenden die folgenden Aufbewahrungsfristen f\u00fcr die folgenden (Kategorien von) personenbezogenen Daten. Wir haben keine Aufbewahrungsfrist f\u00fcr personenbezogene Daten.<\/p>\n<h2>Weitergabe von personenbezogenen Daten an Dritte<\/h2>\n<p>Reestdalhoeve verkauft Ihre Daten nicht an Dritte und stellt sie nur dann zur Verf\u00fcgung, wenn dies f\u00fcr die Erf\u00fcllung unserer Vereinbarung mit Ihnen oder zur Erf\u00fcllung einer gesetzlichen Verpflichtung erforderlich ist. Mit den Unternehmen, die Ihre Daten in unserem Auftrag verarbeiten, schlie\u00dfen wir einen Verarbeitungsvertrag ab, um das gleiche Ma\u00df an Sicherheit und Vertraulichkeit Ihrer Daten zu gew\u00e4hrleisten. Reestdalhoeve bleibt f\u00fcr diese Verarbeitung verantwortlich.<\/p>\n<h2>Cookies oder \u00e4hnliche Technologien, die wir verwenden<\/h2>\n<p>Reestdalhoeve verwendet funktionale, analytische und Tracking-Cookies. Ein Cookie ist eine kleine Textdatei, die im Browser Ihres Computers, Tablets oder Smartphones gespeichert wird, wenn Sie diese Website zum ersten Mal besuchen. Reestdalhoeve verwendet Cookies mit rein technischer Funktionalit\u00e4t. Diese sorgen daf\u00fcr, dass die Website ordnungsgem\u00e4\u00df funktioniert und dass beispielsweise Ihre Pr\u00e4ferenzen gespeichert werden. Diese Cookies werden auch verwendet, um das Funktionieren der Website zu gew\u00e4hrleisten und sie zu optimieren. Wir setzen auch Cookies, die Ihr Surfverhalten verfolgen, damit wir Ihnen ma\u00dfgeschneiderte Inhalte und Werbung anbieten k\u00f6nnen. Bei Ihrem ersten Besuch auf unserer Website haben wir Sie bereits \u00fcber diese Cookies informiert und um Ihr Einverst\u00e4ndnis gebeten, sie zu setzen. Sie k\u00f6nnen die Verwendung von Cookies ablehnen, indem Sie Ihren Internetbrowser so einstellen, dass keine Cookies mehr gespeichert werden. Dar\u00fcber hinaus k\u00f6nnen Sie \u00fcber die Einstellungen Ihres Browsers alle zuvor gespeicherten Informationen l\u00f6schen. F\u00fcr eine Erkl\u00e4rung siehe: https:\/\/veiliginternetten.nl\/themes\/situatie\/cookies-wat-zijn-het-en-wat-doe-ik-ermee\/<\/p>\n<p>Cookies werden auch von Dritten auf dieser Website gesetzt. Dazu geh\u00f6ren Werbetreibende und\/oder die Unternehmen der sozialen Medien. Nachstehend finden Sie einen \u00dcberblick:<br \/>Google Analytics: Analytische Cookies zur Messung des Website-Verkehrs &#8211; Aufbewahrungsfrist: 26 Monate<\/p>\n<h2>Daten ansehen, \u00e4ndern oder l\u00f6schen<\/h2>\n<p>Sie haben das Recht auf Zugang, Berichtigung oder L\u00f6schung Ihrer personenbezogenen Daten. Dar\u00fcber hinaus haben Sie das Recht, Ihre etwaige Einwilligung zur Datenverarbeitung zu widerrufen oder der Verarbeitung Ihrer personenbezogenen Daten durch Reestdalhoeve zu widersprechen, und Sie haben das Recht auf Daten\u00fcbertragbarkeit. Das bedeutet, dass Sie bei uns beantragen k\u00f6nnen, dass die personenbezogenen Daten, die wir \u00fcber Sie in einer Computerdatei gespeichert haben, an Sie oder eine andere von Ihnen benannte Organisation \u00fcbermittelt werden. Sie k\u00f6nnen einen Antrag auf Zugang, Berichtigung, L\u00f6schung oder \u00dcbertragung Ihrer personenbezogenen Daten oder auf Widerruf Ihrer Einwilligung oder Widerspruch gegen die Verarbeitung Ihrer personenbezogenen Daten an info@reestdalhoeve.nl richten. Um sicherzustellen, dass der Antrag auf Zugang von Ihnen gestellt wird, bitten wir Sie, dem Antrag eine Kopie Ihres Ausweises beizuf\u00fcgen. Schw\u00e4rzen Sie auf dieser Kopie Ihr Passfoto, die MRZ (maschinenlesbare Zone, der Zahlenstreifen am unteren Rand des Passes), die Passnummer und die B\u00fcrgerservicenummer (BSN). Dies dient dem Schutz Ihrer Privatsph\u00e4re. Wir werden Ihre Anfrage so schnell wie m\u00f6glich, jedoch innerhalb von vier Wochen beantworten. Reestdalhoeve m\u00f6chte Sie auch dar\u00fcber informieren, dass Sie die M\u00f6glichkeit haben, eine Beschwerde bei der nationalen Aufsichtsbeh\u00f6rde, der Beh\u00f6rde f\u00fcr personenbezogene Daten, einzureichen. Sie k\u00f6nnen dies \u00fcber den folgenden Link tun: https:\/\/autoriteitpersoonsgegevens.nl\/nl\/contact-met-de-autoriteit-persoonsgegevens\/tip-ons<\/p>\n<h2>Wie wir personenbezogene Daten sch\u00fctzen<\/h2>\n<p>Reestdalhoeve nimmt den Schutz Ihrer Daten ernst und ergreift geeignete Ma\u00dfnahmen, um Missbrauch, Verlust, unbefugtem Zugriff, unerw\u00fcnschter Offenlegung und unbefugter \u00c4nderung entgegenzuwirken. Sollten Sie dennoch das Gef\u00fchl haben, dass Ihre Daten nicht sicher sind oder es Hinweise auf einen Missbrauch gibt, wenden Sie sich bitte an unseren Kundenservice oder an info@reestdalhoeve.nl.<\/p>\n<\/div>\n\t\t\t\t\t\t\t\t<\/div>\n\t\t\t\t<\/div>\n\t\t\t\t\t<\/div>\n\t\t<\/div>\n\t\t\t\t\t<\/div>\n\t\t<\/section>\n\t\t\t\t<\/div>\n\t\t","protected":false},"excerpt":{"rendered":"<p>Datenschutzbestimmungen Datenschutzbestimmungen Reestdalhoeve, mit Sitz in Den Huizen 4 7707 PL Balkbrug, ist f\u00fcr die Verarbeitung personenbezogener Daten, wie in dieser Datenschutzerkl\u00e4rung beschrieben, verantwortlich. Kontaktinformationen: https:\/\/reestdalhoeve.nlDen Huizen 47707 PLBalkbrug Karin Maat ist die Datenschutzbeauftragte von Reestdalhoeve. Sie ist erreichbar unter info@reestdalhoeve.nl Personenbezogene Daten, die wir verarbeiten Reestdalhoeve verarbeitet Ihre personenbezogenen Daten, weil Sie unsere Dienste [&hellip;]<\/p>\n","protected":false},"author":1,"featured_media":0,"parent":0,"menu_order":0,"comment_status":"closed","ping_status":"closed","template":"","meta":{"footnotes":""},"class_list":["post-757","page","type-page","status-publish","hentry"],"yoast_head":"<!-- This site is optimized with the Yoast SEO plugin v27.3 - https:\/\/yoast.com\/product\/yoast-seo-wordpress\/ -->\n<title>Datenschutzbestimmungen &#8211; Reestdalhoeve - Gruppenunterkunft - Balkbrug (Niederlande)<\/title>\n<meta name=\"robots\" content=\"noindex, follow\" \/>\n<meta property=\"og:locale\" content=\"de_DE\" \/>\n<meta property=\"og:type\" content=\"article\" \/>\n<meta property=\"og:title\" content=\"Datenschutzbestimmungen &#8211; Reestdalhoeve - Gruppenunterkunft - Balkbrug (Niederlande)\" \/>\n<meta property=\"og:description\" content=\"Datenschutzbestimmungen Datenschutzbestimmungen Reestdalhoeve, mit Sitz in Den Huizen 4 7707 PL Balkbrug, ist f\u00fcr die Verarbeitung personenbezogener Daten, wie in dieser Datenschutzerkl\u00e4rung beschrieben, verantwortlich. Kontaktinformationen: https:\/\/reestdalhoeve.nlDen Huizen 47707 PLBalkbrug Karin Maat ist die Datenschutzbeauftragte von Reestdalhoeve. Sie ist erreichbar unter info@reestdalhoeve.nl Personenbezogene Daten, die wir verarbeiten Reestdalhoeve verarbeitet Ihre personenbezogenen Daten, weil Sie unsere Dienste [&hellip;]\" \/>\n<meta property=\"og:url\" content=\"https:\/\/reestdalhoeve.nl\/de\/datenschutzbestimmungen\/\" \/>\n<meta property=\"og:site_name\" content=\"Reestdalhoeve - Gruppenunterkunft - Balkbrug (Niederlande)\" \/>\n<meta property=\"article:publisher\" content=\"https:\/\/www.facebook.com\/reestdalhoeve\" \/>\n<meta property=\"article:modified_time\" content=\"2023-01-30T10:43:14+00:00\" \/>\n<meta name=\"twitter:card\" content=\"summary_large_image\" \/>\n<meta name=\"twitter:label1\" content=\"Gesch\u00e4tzte Lesezeit\" \/>\n\t<meta name=\"twitter:data1\" content=\"5\u00a0Minuten\" \/>\n<script type=\"application\/ld+json\" class=\"yoast-schema-graph\">{\"@context\":\"https:\\\/\\\/schema.org\",\"@graph\":[{\"@type\":\"WebPage\",\"@id\":\"https:\\\/\\\/reestdalhoeve.nl\\\/de\\\/datenschutzbestimmungen\\\/\",\"url\":\"https:\\\/\\\/reestdalhoeve.nl\\\/de\\\/datenschutzbestimmungen\\\/\",\"name\":\"Datenschutzbestimmungen &#8211; Reestdalhoeve - Gruppenunterkunft - Balkbrug (Niederlande)\",\"isPartOf\":{\"@id\":\"https:\\\/\\\/reestdalhoeve.nl\\\/de\\\/#website\"},\"datePublished\":\"2022-11-14T18:59:28+00:00\",\"dateModified\":\"2023-01-30T10:43:14+00:00\",\"breadcrumb\":{\"@id\":\"https:\\\/\\\/reestdalhoeve.nl\\\/de\\\/datenschutzbestimmungen\\\/#breadcrumb\"},\"inLanguage\":\"de\",\"potentialAction\":[{\"@type\":\"ReadAction\",\"target\":[\"https:\\\/\\\/reestdalhoeve.nl\\\/de\\\/datenschutzbestimmungen\\\/\"]}]},{\"@type\":\"BreadcrumbList\",\"@id\":\"https:\\\/\\\/reestdalhoeve.nl\\\/de\\\/datenschutzbestimmungen\\\/#breadcrumb\",\"itemListElement\":[{\"@type\":\"ListItem\",\"position\":1,\"name\":\"Startseite\",\"item\":\"https:\\\/\\\/reestdalhoeve.nl\\\/de\\\/startseite\\\/\"},{\"@type\":\"ListItem\",\"position\":2,\"name\":\"Datenschutzbestimmungen\"}]},{\"@type\":\"WebSite\",\"@id\":\"https:\\\/\\\/reestdalhoeve.nl\\\/de\\\/#website\",\"url\":\"https:\\\/\\\/reestdalhoeve.nl\\\/de\\\/\",\"name\":\"Reestdalhoeve Groepsaccomodatie Balbrug\",\"description\":\"Gruppenunterkunft\",\"publisher\":{\"@id\":\"https:\\\/\\\/reestdalhoeve.nl\\\/de\\\/#organization\"},\"alternateName\":\"Reestdalhoeve\",\"potentialAction\":[{\"@type\":\"SearchAction\",\"target\":{\"@type\":\"EntryPoint\",\"urlTemplate\":\"https:\\\/\\\/reestdalhoeve.nl\\\/de\\\/?s={search_term_string}\"},\"query-input\":{\"@type\":\"PropertyValueSpecification\",\"valueRequired\":true,\"valueName\":\"search_term_string\"}}],\"inLanguage\":\"de\"},{\"@type\":\"Organization\",\"@id\":\"https:\\\/\\\/reestdalhoeve.nl\\\/de\\\/#organization\",\"name\":\"Reestdalhoeve Gruppenunterkunft Balkbrug\",\"alternateName\":\"Reestdalhoeve\",\"url\":\"https:\\\/\\\/reestdalhoeve.nl\\\/de\\\/\",\"logo\":{\"@type\":\"ImageObject\",\"inLanguage\":\"de\",\"@id\":\"https:\\\/\\\/reestdalhoeve.nl\\\/de\\\/#\\\/schema\\\/logo\\\/image\\\/\",\"url\":\"https:\\/\\/reestdalhoeve.nl\\/wp-content\\/uploads\\/logo-reestdalhoeve.png\",\"contentUrl\":\"https:\\/\\/reestdalhoeve.nl\\/wp-content\\/uploads\\/logo-reestdalhoeve.png\",\"width\":350,\"height\":72,\"caption\":\"Reestdalhoeve Gruppenunterkunft Balkbrug\"},\"image\":{\"@id\":\"https:\\\/\\\/reestdalhoeve.nl\\\/de\\\/#\\\/schema\\\/logo\\\/image\\\/\"},\"sameAs\":[\"https:\\\/\\\/www.facebook.com\\\/reestdalhoeve\"]}]}<\/script>\n<!-- \/ Yoast SEO plugin. -->","yoast_head_json":{"title":"Datenschutzbestimmungen &#8211; Reestdalhoeve - Gruppenunterkunft - Balkbrug (Niederlande)","robots":{"index":"noindex","follow":"follow"},"og_locale":"de_DE","og_type":"article","og_title":"Datenschutzbestimmungen &#8211; Reestdalhoeve - Gruppenunterkunft - Balkbrug (Niederlande)","og_description":"Datenschutzbestimmungen Datenschutzbestimmungen Reestdalhoeve, mit Sitz in Den Huizen 4 7707 PL Balkbrug, ist f\u00fcr die Verarbeitung personenbezogener Daten, wie in dieser Datenschutzerkl\u00e4rung beschrieben, verantwortlich. Kontaktinformationen: https:\/\/reestdalhoeve.nlDen Huizen 47707 PLBalkbrug Karin Maat ist die Datenschutzbeauftragte von Reestdalhoeve. Sie ist erreichbar unter info@reestdalhoeve.nl Personenbezogene Daten, die wir verarbeiten Reestdalhoeve verarbeitet Ihre personenbezogenen Daten, weil Sie unsere Dienste [&hellip;]","og_url":"https:\/\/reestdalhoeve.nl\/de\/datenschutzbestimmungen\/","og_site_name":"Reestdalhoeve - Gruppenunterkunft - Balkbrug (Niederlande)","article_publisher":"https:\/\/www.facebook.com\/reestdalhoeve","article_modified_time":"2023-01-30T10:43:14+00:00","twitter_card":"summary_large_image","twitter_misc":{"Gesch\u00e4tzte Lesezeit":"5\u00a0Minuten"},"schema":{"@context":"https:\/\/schema.org","@graph":[{"@type":"WebPage","@id":"https:\/\/reestdalhoeve.nl\/de\/datenschutzbestimmungen\/","url":"https:\/\/reestdalhoeve.nl\/de\/datenschutzbestimmungen\/","name":"Datenschutzbestimmungen &#8211; Reestdalhoeve - Gruppenunterkunft - Balkbrug (Niederlande)","isPartOf":{"@id":"https:\/\/reestdalhoeve.nl\/de\/#website"},"datePublished":"2022-11-14T18:59:28+00:00","dateModified":"2023-01-30T10:43:14+00:00","breadcrumb":{"@id":"https:\/\/reestdalhoeve.nl\/de\/datenschutzbestimmungen\/#breadcrumb"},"inLanguage":"de","potentialAction":[{"@type":"ReadAction","target":["https:\/\/reestdalhoeve.nl\/de\/datenschutzbestimmungen\/"]}]},{"@type":"BreadcrumbList","@id":"https:\/\/reestdalhoeve.nl\/de\/datenschutzbestimmungen\/#breadcrumb","itemListElement":[{"@type":"ListItem","position":1,"name":"Startseite","item":"https:\/\/reestdalhoeve.nl\/de\/startseite\/"},{"@type":"ListItem","position":2,"name":"Datenschutzbestimmungen"}]},{"@type":"WebSite","@id":"https:\/\/reestdalhoeve.nl\/de\/#website","url":"https:\/\/reestdalhoeve.nl\/de\/","name":"Reestdalhoeve Groepsaccomodatie Balbrug","description":"Gruppenunterkunft","publisher":{"@id":"https:\/\/reestdalhoeve.nl\/de\/#organization"},"alternateName":"Reestdalhoeve","potentialAction":[{"@type":"SearchAction","target":{"@type":"EntryPoint","urlTemplate":"https:\/\/reestdalhoeve.nl\/de\/?s={search_term_string}"},"query-input":{"@type":"PropertyValueSpecification","valueRequired":true,"valueName":"search_term_string"}}],"inLanguage":"de"},{"@type":"Organization","@id":"https:\/\/reestdalhoeve.nl\/de\/#organization","name":"Reestdalhoeve Gruppenunterkunft Balkbrug","alternateName":"Reestdalhoeve","url":"https:\/\/reestdalhoeve.nl\/de\/","logo":{"@type":"ImageObject","inLanguage":"de","@id":"https:\/\/reestdalhoeve.nl\/de\/#\/schema\/logo\/image\/","url":"https:\/\/mlermmvk3oie.i.optimole.com\/w:auto\/h:auto\/q:mauto\/f:best\/https:\/\/reestdalhoeve.nl\/wp-content\/uploads\/logo-reestdalhoeve.png","contentUrl":"https:\/\/mlermmvk3oie.i.optimole.com\/w:auto\/h:auto\/q:mauto\/f:best\/https:\/\/reestdalhoeve.nl\/wp-content\/uploads\/logo-reestdalhoeve.png","width":350,"height":72,"caption":"Reestdalhoeve Gruppenunterkunft Balkbrug"},"image":{"@id":"https:\/\/reestdalhoeve.nl\/de\/#\/schema\/logo\/image\/"},"sameAs":["https:\/\/www.facebook.com\/reestdalhoeve"]}]}},"_links":{"self":[{"href":"https:\/\/reestdalhoeve.nl\/de\/wp-json\/wp\/v2\/pages\/757","targetHints":{"allow":["GET"]}}],"collection":[{"href":"https:\/\/reestdalhoeve.nl\/de\/wp-json\/wp\/v2\/pages"}],"about":[{"href":"https:\/\/reestdalhoeve.nl\/de\/wp-json\/wp\/v2\/types\/page"}],"author":[{"embeddable":true,"href":"https:\/\/reestdalhoeve.nl\/de\/wp-json\/wp\/v2\/users\/1"}],"replies":[{"embeddable":true,"href":"https:\/\/reestdalhoeve.nl\/de\/wp-json\/wp\/v2\/comments?post=757"}],"version-history":[{"count":2,"href":"https:\/\/reestdalhoeve.nl\/de\/wp-json\/wp\/v2\/pages\/757\/revisions"}],"predecessor-version":[{"id":761,"href":"https:\/\/reestdalhoeve.nl\/de\/wp-json\/wp\/v2\/pages\/757\/revisions\/761"}],"wp:attachment":[{"href":"https:\/\/reestdalhoeve.nl\/de\/wp-json\/wp\/v2\/media?parent=757"}],"curies":[{"name":"wp","href":"https:\/\/api.w.org\/{rel}","templated":true}]}}