{"id":753,"date":"2022-11-30T11:16:22","date_gmt":"2022-11-30T10:16:22","guid":{"rendered":"https:\/\/reestdalhoeve.nl\/ausfluege-und-tipps\/"},"modified":"2023-01-30T11:41:37","modified_gmt":"2023-01-30T10:41:37","slug":"ausfluege-und-tipps","status":"publish","type":"page","link":"https:\/\/reestdalhoeve.nl\/de\/umgebung\/ausfluege-und-tipps\/","title":{"rendered":"Ausfl\u00fcge und Tipps"},"content":{"rendered":"\t\t<div data-elementor-type=\"wp-page\" data-elementor-id=\"753\" class=\"elementor elementor-753 elementor-18\" data-elementor-post-type=\"page\">\n\t\t\t\t\t\t<section class=\"elementor-section elementor-top-section elementor-element elementor-element-61174bc elementor-section-height-min-height elementor-section-items-bottom elementor-section-boxed elementor-section-height-default\" data-id=\"61174bc\" data-element_type=\"section\" data-e-type=\"section\" data-settings=\"{&quot;background_background&quot;:&quot;classic&quot;}\">\n\t\t\t\t\t\t\t<div class=\"elementor-background-overlay\"><\/div>\n\t\t\t\t\t\t\t<div class=\"elementor-container elementor-column-gap-default\">\n\t\t\t\t\t<div class=\"elementor-column elementor-col-100 elementor-top-column elementor-element elementor-element-ee1843e\" data-id=\"ee1843e\" data-element_type=\"column\" data-e-type=\"column\">\n\t\t\t<div class=\"elementor-widget-wrap elementor-element-populated\">\n\t\t\t\t\t\t<div class=\"elementor-element elementor-element-f1f612f elementor-widget elementor-widget-heading\" data-id=\"f1f612f\" data-element_type=\"widget\" data-e-type=\"widget\" data-widget_type=\"heading.default\">\n\t\t\t\t<div class=\"elementor-widget-container\">\n\t\t\t\t\t<h1 class=\"elementor-heading-title elementor-size-default\">Raus mit euch!  <\/h1>\t\t\t\t<\/div>\n\t\t\t\t<\/div>\n\t\t\t\t<div class=\"elementor-element elementor-element-d183af9 elementor-widget elementor-widget-heading\" data-id=\"d183af9\" data-element_type=\"widget\" data-e-type=\"widget\" data-widget_type=\"heading.default\">\n\t\t\t\t<div class=\"elementor-widget-container\">\n\t\t\t\t\t<h1 class=\"elementor-heading-title elementor-size-default\">Ausfl\u00fcge und Tipps<\/h1>\t\t\t\t<\/div>\n\t\t\t\t<\/div>\n\t\t\t\t<div class=\"elementor-element elementor-element-8ae32f5 elementor-align-center elementor-widget elementor-widget-breadcrumbs\" data-id=\"8ae32f5\" data-element_type=\"widget\" data-e-type=\"widget\" data-widget_type=\"breadcrumbs.default\">\n\t\t\t\t<div class=\"elementor-widget-container\">\n\t\t\t\t\t<p id=\"breadcrumbs\"><span><span><a href=\"https:\/\/reestdalhoeve.nl\/de\/startseite\/\">Startseite<\/a><\/span><\/span><\/p>\t\t\t\t<\/div>\n\t\t\t\t<\/div>\n\t\t\t\t<div class=\"elementor-element elementor-element-dc722d0 elementor-widget elementor-widget-spacer\" data-id=\"dc722d0\" data-element_type=\"widget\" data-e-type=\"widget\" data-widget_type=\"spacer.default\">\n\t\t\t\t<div class=\"elementor-widget-container\">\n\t\t\t\t\t\t\t<div class=\"elementor-spacer\">\n\t\t\t<div class=\"elementor-spacer-inner\"><\/div>\n\t\t<\/div>\n\t\t\t\t\t\t<\/div>\n\t\t\t\t<\/div>\n\t\t\t\t\t<\/div>\n\t\t<\/div>\n\t\t\t\t\t<\/div>\n\t\t<\/section>\n\t\t\t\t<section class=\"elementor-section elementor-top-section elementor-element elementor-element-8a9c1dc elementor-section-boxed elementor-section-height-default elementor-section-height-default\" data-id=\"8a9c1dc\" data-element_type=\"section\" data-e-type=\"section\" data-settings=\"{&quot;background_background&quot;:&quot;classic&quot;}\">\n\t\t\t\t\t\t<div class=\"elementor-container elementor-column-gap-default\">\n\t\t\t\t\t<div class=\"elementor-column elementor-col-50 elementor-top-column elementor-element elementor-element-50152ed\" data-id=\"50152ed\" data-element_type=\"column\" data-e-type=\"column\">\n\t\t\t<div class=\"elementor-widget-wrap elementor-element-populated\">\n\t\t\t\t\t\t<div class=\"elementor-element elementor-element-4dd4412 elementor-widget elementor-widget-text-editor\" data-id=\"4dd4412\" data-element_type=\"widget\" data-e-type=\"widget\" data-widget_type=\"text-editor.default\">\n\t\t\t\t<div class=\"elementor-widget-container\">\n\t\t\t\t\t\t\t\t\t<p>Die Reestdalhoeve h\u00e4lt verschiedene lustige Aktivit\u00e4ten f\u00fcr Sie bereit, wie z. B. eine Schatzsuche, bei der Sie mit Hilfe von bunten Perlen den Weg finden, oder Sie treten in verschiedenen Teams bei unserem Hexathlon auf dem Sportplatz gegeneinander an oder liefern sich eine sportliche Schlacht beim &#8218;klootschieten&#8216; oder Bubble Football. Auch Bogenschie\u00dfen und das Erlernen von \u00dcberlebenstechniken stehen auf dem Programm.<br \/>F\u00fcr einen unterhaltsamen Abend gibt es lustige Aktivit\u00e4ten wie das Kneipenquiz, Jungen gegen M\u00e4dchen und Minute to win it.<br \/>Fragen Sie uns nach den M\u00f6glichkeiten.<\/p>\n<p>Zu den interessanten Orten in der N\u00e4he geh\u00f6ren Meppel, Ommen, Staphorst, Giethoorn und Zwolle.<\/p>\n\t\t\t\t\t\t\t\t<\/div>\n\t\t\t\t<\/div>\n\t\t\t\t<section class=\"elementor-section elementor-inner-section elementor-element elementor-element-5df6f9b elementor-section-boxed elementor-section-height-default elementor-section-height-default\" data-id=\"5df6f9b\" data-element_type=\"section\" data-e-type=\"section\" data-settings=\"{&quot;background_background&quot;:&quot;slideshow&quot;,&quot;background_slideshow_gallery&quot;:[{&quot;id&quot;:303,&quot;url&quot;:&quot;https:\\/\\/mlermmvk3oie.i.optimole.com\\/w:auto\\/h:auto\\/q:mauto\\/f:best\\/https:\\/\\/reestdalhoeve.nl\\/wp-content\\/uploads\\/03.jpg&quot;},{&quot;id&quot;:302,&quot;url&quot;:&quot;https:\\/\\/mlermmvk3oie.i.optimole.com\\/w:auto\\/h:auto\\/q:mauto\\/f:best\\/https:\\/\\/reestdalhoeve.nl\\/wp-content\\/uploads\\/bubbel-voetbal2-1030x579-1.jpg&quot;},{&quot;id&quot;:304,&quot;url&quot;:&quot;https:\\/\\/mlermmvk3oie.i.optimole.com\\/w:auto\\/h:auto\\/q:mauto\\/f:best\\/https:\\/\\/reestdalhoeve.nl\\/wp-content\\/uploads\\/Archery-Attack.jpg&quot;},{&quot;id&quot;:305,&quot;url&quot;:&quot;https:\\/\\/mlermmvk3oie.i.optimole.com\\/w:auto\\/h:auto\\/q:mauto\\/f:best\\/https:\\/\\/reestdalhoeve.nl\\/wp-content\\/uploads\\/Wie-is-de-mol.jpg&quot;}],&quot;background_slideshow_loop&quot;:&quot;yes&quot;,&quot;background_slideshow_slide_duration&quot;:5000,&quot;background_slideshow_slide_transition&quot;:&quot;fade&quot;,&quot;background_slideshow_transition_duration&quot;:500}\">\n\t\t\t\t\t\t\t<div class=\"elementor-background-overlay\"><\/div>\n\t\t\t\t\t\t\t<div class=\"elementor-container elementor-column-gap-default\">\n\t\t\t\t\t<div class=\"elementor-column elementor-col-100 elementor-inner-column elementor-element elementor-element-6ff6424\" data-id=\"6ff6424\" data-element_type=\"column\" data-e-type=\"column\">\n\t\t\t<div class=\"elementor-widget-wrap elementor-element-populated\">\n\t\t\t\t\t\t<div class=\"elementor-element elementor-element-5b9d86e elementor-widget elementor-widget-spacer\" data-id=\"5b9d86e\" data-element_type=\"widget\" data-e-type=\"widget\" data-widget_type=\"spacer.default\">\n\t\t\t\t<div class=\"elementor-widget-container\">\n\t\t\t\t\t\t\t<div class=\"elementor-spacer\">\n\t\t\t<div class=\"elementor-spacer-inner\"><\/div>\n\t\t<\/div>\n\t\t\t\t\t\t<\/div>\n\t\t\t\t<\/div>\n\t\t\t\t\t<\/div>\n\t\t<\/div>\n\t\t\t\t\t<\/div>\n\t\t<\/section>\n\t\t\t\t\t<\/div>\n\t\t<\/div>\n\t\t\t\t<div class=\"elementor-column elementor-col-50 elementor-top-column elementor-element elementor-element-a5ff8ae\" data-id=\"a5ff8ae\" data-element_type=\"column\" data-e-type=\"column\" data-settings=\"{&quot;background_background&quot;:&quot;classic&quot;}\">\n\t\t\t<div class=\"elementor-widget-wrap elementor-element-populated\">\n\t\t\t\t\t\t<div class=\"elementor-element elementor-element-868ee0b elementor-widget elementor-widget-heading\" data-id=\"868ee0b\" data-element_type=\"widget\" data-e-type=\"widget\" data-widget_type=\"heading.default\">\n\t\t\t\t<div class=\"elementor-widget-container\">\n\t\t\t\t\t<h2 class=\"elementor-heading-title elementor-size-default\">Auf einen Blick\n<\/h2>\t\t\t\t<\/div>\n\t\t\t\t<\/div>\n\t\t\t\t<div class=\"elementor-element elementor-element-85d351c elementor-widget elementor-widget-heading\" data-id=\"85d351c\" data-element_type=\"widget\" data-e-type=\"widget\" data-widget_type=\"heading.default\">\n\t\t\t\t<div class=\"elementor-widget-container\">\n\t\t\t\t\t<h2 class=\"elementor-heading-title elementor-size-default\">Verschiedene Ausfl\u00fcge und Tipps:<\/h2>\t\t\t\t<\/div>\n\t\t\t\t<\/div>\n\t\t\t\t<div class=\"elementor-element elementor-element-c950bf4 elementor-widget elementor-widget-text-editor\" data-id=\"c950bf4\" data-element_type=\"widget\" data-e-type=\"widget\" data-widget_type=\"text-editor.default\">\n\t\t\t\t<div class=\"elementor-widget-container\">\n\t\t\t\t\t\t\t\t\t<p><a href=\"http:\/\/www.kleinoever.nl\/\" target=\"_blank\" rel=\"noopener noreferrer\">Klein Oever<\/a> &#8211; ein 5 km entfernter Erholungsbauernhof, auf dem Sie sich bei verschiedenen Aktivit\u00e4ten vergn\u00fcgen k\u00f6nnen, z. B. beim Bauerngolf.<br \/><a href=\"http:\/\/heuveltjesbosbad.nl\/\" target=\"_blank\" rel=\"noopener noreferrer\">Das Heuveltjes Bosbad<\/a> &#8211; das sch\u00f6nste Freibad der Niederlande (ge\u00f6ffnet vom 1. Mai bis 1. September) ist zu Fu\u00df erreichbar<\/p>\n<p>Hallenb\u00e4der: <a href=\"https:\/\/badhesselingen.nl\/\" target=\"_blank\" rel=\"noopener noreferrer\">Meppel<\/a>, <a href=\"http:\/\/deswaneburg.nl\/\" target=\"_blank\" rel=\"noopener noreferrer\">Coevorden<\/a>, <a href=\"http:\/\/www.carrousel-ommen.nl\/zwembad\/\" target=\"_blank\" rel=\"noopener noreferrer\">Ommen<\/a><\/p>\n<p><a href=\"http:\/\/hetkabouterwoud.nl\/\" target=\"_blank\" rel=\"noopener noreferrer\">Gnomenwald S\u00fcdwolde<\/a> &#8211; Spielen und Pfannkuchen essen<\/p>\n<p><a href=\"https:\/\/drentsekoe.nl\/\" target=\"_blank\" rel=\"noopener noreferrer\">De Drentse Koe<\/a> &#8211; Spiel- und Eisbauernhof<br \/><a href=\"http:\/\/www.molendestar.nl\/~wp-molendestar\/\" target=\"_blank\" rel=\"noopener noreferrer\">Mill the Star<\/a> &#8211; den M\u00fcller beobachten<\/p>\n<p><a href=\"http:\/\/kruidenhoeve.nl\/\" target=\"_blank\" rel=\"noopener noreferrer\">Kruidenhoeve<\/a> &#8211; Schnitzeljagd durch den Kr\u00e4utergarten<br \/><a href=\"https:\/\/reestlandhoeve.com\/\" target=\"_blank\" rel=\"noopener noreferrer\">De Reestlandhoeve<\/a> &#8211; Besichtigung des Weinbergs und Weinverkostung<br \/><a href=\"http:\/\/pitch-putt.nl\/\" target=\"_blank\" rel=\"noopener noreferrer\">Pitch and Putt<\/a> &#8211; Golf auf dem Par 3-Platz<\/p>\n<p><a href=\"http:\/\/www.octo4kids.nl\/\" target=\"_blank\" rel=\"noopener noreferrer\">Octo4kids<\/a> und ZippoZebraFunjungle &#8211; Spielpl\u00e4tze f\u00fcr drinnen<\/p>\n<p><a href=\"http:\/\/www.reestdaloutdoor.nl\/\" target=\"_blank\" rel=\"noopener noreferrer\">Reestdal Outdoor<\/a> &#8211; \u00dcberlebens- und Abenteuerspielplatz im Freien<br \/><a href=\"https:\/\/e-yellow.nl\" target=\"_blank\" rel=\"noopener\">E-Yellow<\/a> &#8211; E-Chopper Vermietung<\/p>\n<p><a href=\"http:\/\/www.rederijpeters.nl\/#\" target=\"_blank\" rel=\"noopener noreferrer\">Bootsfahrt auf der Vecht<\/a> &#8211; Ommen Schifffahrtsgesellschaft Peters<\/p>\n<p><a href=\"https:\/\/www.avonturenpark.nl\/\" target=\"_blank\" rel=\"noopener noreferrer\">Erlebnispark Hellendoorn<\/a> und <a href=\"https:\/\/www.slagharen.com\/nl\/attractiepark\/\" target=\"_blank\" rel=\"noopener noreferrer\">Vergn\u00fcgungspark Slagharen<\/a> in unmittelbarer N\u00e4he<\/p>\n<p><a href=\"http:\/\/www.tg-promotions.nl\/marktagenda\/ijhorstermarkt-agenda\" target=\"_blank\" rel=\"noopener noreferrer\">IJhorster Flohmarkt<\/a> &#8211; jeden ersten Samstag im Monat<\/p>\n\t\t\t\t\t\t\t\t<\/div>\n\t\t\t\t<\/div>\n\t\t\t\t\t<\/div>\n\t\t<\/div>\n\t\t\t\t\t<\/div>\n\t\t<\/section>\n\t\t\t\t<\/div>\n\t\t","protected":false},"excerpt":{"rendered":"<p>Raus mit euch! Ausfl\u00fcge und Tipps Die Reestdalhoeve h\u00e4lt verschiedene lustige Aktivit\u00e4ten f\u00fcr Sie bereit, wie z. B. eine Schatzsuche, bei der Sie mit Hilfe von bunten Perlen den Weg finden, oder Sie treten in verschiedenen Teams bei unserem Hexathlon auf dem Sportplatz gegeneinander an oder liefern sich eine sportliche Schlacht beim &#8218;klootschieten&#8216; oder Bubble [&hellip;]<\/p>\n","protected":false},"author":1,"featured_media":0,"parent":779,"menu_order":0,"comment_status":"closed","ping_status":"closed","template":"","meta":{"footnotes":""},"class_list":["post-753","page","type-page","status-publish","hentry"],"yoast_head":"<!-- This site is optimized with the Yoast SEO plugin v27.3 - https:\/\/yoast.com\/product\/yoast-seo-wordpress\/ -->\n<title>Ausfl\u00fcge und Tipps &#8211; Reestdalhoeve - Gruppenunterkunft - Balkbrug (Niederlande)<\/title>\n<meta name=\"description\" content=\"Raus mit euch! Ausflugsziele und Tipps f\u00fcr Ihren Aufenthalt in De Reestdalhoeve in Balkbrug. Genie\u00dfen Sie das ganze Jahr \u00fcber sowohl drinnen als auch drau\u00dfen!\" \/>\n<meta name=\"robots\" content=\"index, follow, max-snippet:-1, max-image-preview:large, max-video-preview:-1\" \/>\n<link rel=\"canonical\" href=\"https:\/\/reestdalhoeve.nl\/de\/umgebung\/ausfluege-und-tipps\/\" \/>\n<meta property=\"og:locale\" content=\"de_DE\" \/>\n<meta property=\"og:type\" content=\"article\" \/>\n<meta property=\"og:title\" content=\"Ausfl\u00fcge und Tipps &#8211; Reestdalhoeve - Gruppenunterkunft - Balkbrug (Niederlande)\" \/>\n<meta property=\"og:description\" content=\"Raus mit euch! Ausflugsziele und Tipps f\u00fcr Ihren Aufenthalt in De Reestdalhoeve in Balkbrug. Genie\u00dfen Sie das ganze Jahr \u00fcber sowohl drinnen als auch drau\u00dfen!\" \/>\n<meta property=\"og:url\" content=\"https:\/\/reestdalhoeve.nl\/de\/umgebung\/ausfluege-und-tipps\/\" \/>\n<meta property=\"og:site_name\" content=\"Reestdalhoeve - Gruppenunterkunft - Balkbrug (Niederlande)\" \/>\n<meta property=\"article:publisher\" content=\"https:\/\/www.facebook.com\/reestdalhoeve\" \/>\n<meta property=\"article:modified_time\" content=\"2023-01-30T10:41:37+00:00\" \/>\n<meta name=\"twitter:card\" content=\"summary_large_image\" \/>\n<meta name=\"twitter:label1\" content=\"Gesch\u00e4tzte Lesezeit\" \/>\n\t<meta name=\"twitter:data1\" content=\"2\u00a0Minuten\" \/>\n<script type=\"application\/ld+json\" class=\"yoast-schema-graph\">{\"@context\":\"https:\\\/\\\/schema.org\",\"@graph\":[{\"@type\":\"WebPage\",\"@id\":\"https:\\\/\\\/reestdalhoeve.nl\\\/de\\\/umgebung\\\/ausfluege-und-tipps\\\/\",\"url\":\"https:\\\/\\\/reestdalhoeve.nl\\\/de\\\/umgebung\\\/ausfluege-und-tipps\\\/\",\"name\":\"Ausfl\u00fcge und Tipps &#8211; Reestdalhoeve - Gruppenunterkunft - Balkbrug (Niederlande)\",\"isPartOf\":{\"@id\":\"https:\\\/\\\/reestdalhoeve.nl\\\/de\\\/#website\"},\"datePublished\":\"2022-11-30T10:16:22+00:00\",\"dateModified\":\"2023-01-30T10:41:37+00:00\",\"description\":\"Raus mit euch! Ausflugsziele und Tipps f\u00fcr Ihren Aufenthalt in De Reestdalhoeve in Balkbrug. Genie\u00dfen Sie das ganze Jahr \u00fcber sowohl drinnen als auch drau\u00dfen!\",\"breadcrumb\":{\"@id\":\"https:\\\/\\\/reestdalhoeve.nl\\\/de\\\/umgebung\\\/ausfluege-und-tipps\\\/#breadcrumb\"},\"inLanguage\":\"de\",\"potentialAction\":[{\"@type\":\"ReadAction\",\"target\":[\"https:\\\/\\\/reestdalhoeve.nl\\\/de\\\/umgebung\\\/ausfluege-und-tipps\\\/\"]}]},{\"@type\":\"BreadcrumbList\",\"@id\":\"https:\\\/\\\/reestdalhoeve.nl\\\/de\\\/umgebung\\\/ausfluege-und-tipps\\\/#breadcrumb\",\"itemListElement\":[{\"@type\":\"ListItem\",\"position\":1,\"name\":\"Startseite\",\"item\":\"https:\\\/\\\/reestdalhoeve.nl\\\/de\\\/startseite\\\/\"},{\"@type\":\"ListItem\",\"position\":2,\"name\":\"Umgebung\",\"item\":\"https:\\\/\\\/reestdalhoeve.nl\\\/de\\\/umgebung\\\/\"},{\"@type\":\"ListItem\",\"position\":3,\"name\":\"Ausfl\u00fcge und Tipps\"}]},{\"@type\":\"WebSite\",\"@id\":\"https:\\\/\\\/reestdalhoeve.nl\\\/de\\\/#website\",\"url\":\"https:\\\/\\\/reestdalhoeve.nl\\\/de\\\/\",\"name\":\"Reestdalhoeve Groepsaccomodatie Balbrug\",\"description\":\"Gruppenunterkunft\",\"publisher\":{\"@id\":\"https:\\\/\\\/reestdalhoeve.nl\\\/de\\\/#organization\"},\"alternateName\":\"Reestdalhoeve\",\"potentialAction\":[{\"@type\":\"SearchAction\",\"target\":{\"@type\":\"EntryPoint\",\"urlTemplate\":\"https:\\\/\\\/reestdalhoeve.nl\\\/de\\\/?s={search_term_string}\"},\"query-input\":{\"@type\":\"PropertyValueSpecification\",\"valueRequired\":true,\"valueName\":\"search_term_string\"}}],\"inLanguage\":\"de\"},{\"@type\":\"Organization\",\"@id\":\"https:\\\/\\\/reestdalhoeve.nl\\\/de\\\/#organization\",\"name\":\"Reestdalhoeve Gruppenunterkunft Balkbrug\",\"alternateName\":\"Reestdalhoeve\",\"url\":\"https:\\\/\\\/reestdalhoeve.nl\\\/de\\\/\",\"logo\":{\"@type\":\"ImageObject\",\"inLanguage\":\"de\",\"@id\":\"https:\\\/\\\/reestdalhoeve.nl\\\/de\\\/#\\\/schema\\\/logo\\\/image\\\/\",\"url\":\"https:\\/\\/reestdalhoeve.nl\\/wp-content\\/uploads\\/logo-reestdalhoeve.png\",\"contentUrl\":\"https:\\/\\/reestdalhoeve.nl\\/wp-content\\/uploads\\/logo-reestdalhoeve.png\",\"width\":350,\"height\":72,\"caption\":\"Reestdalhoeve Gruppenunterkunft Balkbrug\"},\"image\":{\"@id\":\"https:\\\/\\\/reestdalhoeve.nl\\\/de\\\/#\\\/schema\\\/logo\\\/image\\\/\"},\"sameAs\":[\"https:\\\/\\\/www.facebook.com\\\/reestdalhoeve\"]}]}<\/script>\n<!-- \/ Yoast SEO plugin. -->","yoast_head_json":{"title":"Ausfl\u00fcge und Tipps &#8211; Reestdalhoeve - Gruppenunterkunft - Balkbrug (Niederlande)","description":"Raus mit euch! Ausflugsziele und Tipps f\u00fcr Ihren Aufenthalt in De Reestdalhoeve in Balkbrug. Genie\u00dfen Sie das ganze Jahr \u00fcber sowohl drinnen als auch drau\u00dfen!","robots":{"index":"index","follow":"follow","max-snippet":"max-snippet:-1","max-image-preview":"max-image-preview:large","max-video-preview":"max-video-preview:-1"},"canonical":"https:\/\/reestdalhoeve.nl\/de\/umgebung\/ausfluege-und-tipps\/","og_locale":"de_DE","og_type":"article","og_title":"Ausfl\u00fcge und Tipps &#8211; Reestdalhoeve - Gruppenunterkunft - Balkbrug (Niederlande)","og_description":"Raus mit euch! Ausflugsziele und Tipps f\u00fcr Ihren Aufenthalt in De Reestdalhoeve in Balkbrug. Genie\u00dfen Sie das ganze Jahr \u00fcber sowohl drinnen als auch drau\u00dfen!","og_url":"https:\/\/reestdalhoeve.nl\/de\/umgebung\/ausfluege-und-tipps\/","og_site_name":"Reestdalhoeve - Gruppenunterkunft - Balkbrug (Niederlande)","article_publisher":"https:\/\/www.facebook.com\/reestdalhoeve","article_modified_time":"2023-01-30T10:41:37+00:00","twitter_card":"summary_large_image","twitter_misc":{"Gesch\u00e4tzte Lesezeit":"2\u00a0Minuten"},"schema":{"@context":"https:\/\/schema.org","@graph":[{"@type":"WebPage","@id":"https:\/\/reestdalhoeve.nl\/de\/umgebung\/ausfluege-und-tipps\/","url":"https:\/\/reestdalhoeve.nl\/de\/umgebung\/ausfluege-und-tipps\/","name":"Ausfl\u00fcge und Tipps &#8211; Reestdalhoeve - Gruppenunterkunft - Balkbrug (Niederlande)","isPartOf":{"@id":"https:\/\/reestdalhoeve.nl\/de\/#website"},"datePublished":"2022-11-30T10:16:22+00:00","dateModified":"2023-01-30T10:41:37+00:00","description":"Raus mit euch! Ausflugsziele und Tipps f\u00fcr Ihren Aufenthalt in De Reestdalhoeve in Balkbrug. Genie\u00dfen Sie das ganze Jahr \u00fcber sowohl drinnen als auch drau\u00dfen!","breadcrumb":{"@id":"https:\/\/reestdalhoeve.nl\/de\/umgebung\/ausfluege-und-tipps\/#breadcrumb"},"inLanguage":"de","potentialAction":[{"@type":"ReadAction","target":["https:\/\/reestdalhoeve.nl\/de\/umgebung\/ausfluege-und-tipps\/"]}]},{"@type":"BreadcrumbList","@id":"https:\/\/reestdalhoeve.nl\/de\/umgebung\/ausfluege-und-tipps\/#breadcrumb","itemListElement":[{"@type":"ListItem","position":1,"name":"Startseite","item":"https:\/\/reestdalhoeve.nl\/de\/startseite\/"},{"@type":"ListItem","position":2,"name":"Umgebung","item":"https:\/\/reestdalhoeve.nl\/de\/umgebung\/"},{"@type":"ListItem","position":3,"name":"Ausfl\u00fcge und Tipps"}]},{"@type":"WebSite","@id":"https:\/\/reestdalhoeve.nl\/de\/#website","url":"https:\/\/reestdalhoeve.nl\/de\/","name":"Reestdalhoeve Groepsaccomodatie Balbrug","description":"Gruppenunterkunft","publisher":{"@id":"https:\/\/reestdalhoeve.nl\/de\/#organization"},"alternateName":"Reestdalhoeve","potentialAction":[{"@type":"SearchAction","target":{"@type":"EntryPoint","urlTemplate":"https:\/\/reestdalhoeve.nl\/de\/?s={search_term_string}"},"query-input":{"@type":"PropertyValueSpecification","valueRequired":true,"valueName":"search_term_string"}}],"inLanguage":"de"},{"@type":"Organization","@id":"https:\/\/reestdalhoeve.nl\/de\/#organization","name":"Reestdalhoeve Gruppenunterkunft Balkbrug","alternateName":"Reestdalhoeve","url":"https:\/\/reestdalhoeve.nl\/de\/","logo":{"@type":"ImageObject","inLanguage":"de","@id":"https:\/\/reestdalhoeve.nl\/de\/#\/schema\/logo\/image\/","url":"https:\/\/mlermmvk3oie.i.optimole.com\/w:auto\/h:auto\/q:mauto\/f:best\/https:\/\/reestdalhoeve.nl\/wp-content\/uploads\/logo-reestdalhoeve.png","contentUrl":"https:\/\/mlermmvk3oie.i.optimole.com\/w:auto\/h:auto\/q:mauto\/f:best\/https:\/\/reestdalhoeve.nl\/wp-content\/uploads\/logo-reestdalhoeve.png","width":350,"height":72,"caption":"Reestdalhoeve Gruppenunterkunft Balkbrug"},"image":{"@id":"https:\/\/reestdalhoeve.nl\/de\/#\/schema\/logo\/image\/"},"sameAs":["https:\/\/www.facebook.com\/reestdalhoeve"]}]}},"_links":{"self":[{"href":"https:\/\/reestdalhoeve.nl\/de\/wp-json\/wp\/v2\/pages\/753","targetHints":{"allow":["GET"]}}],"collection":[{"href":"https:\/\/reestdalhoeve.nl\/de\/wp-json\/wp\/v2\/pages"}],"about":[{"href":"https:\/\/reestdalhoeve.nl\/de\/wp-json\/wp\/v2\/types\/page"}],"author":[{"embeddable":true,"href":"https:\/\/reestdalhoeve.nl\/de\/wp-json\/wp\/v2\/users\/1"}],"replies":[{"embeddable":true,"href":"https:\/\/reestdalhoeve.nl\/de\/wp-json\/wp\/v2\/comments?post=753"}],"version-history":[{"count":5,"href":"https:\/\/reestdalhoeve.nl\/de\/wp-json\/wp\/v2\/pages\/753\/revisions"}],"predecessor-version":[{"id":991,"href":"https:\/\/reestdalhoeve.nl\/de\/wp-json\/wp\/v2\/pages\/753\/revisions\/991"}],"up":[{"embeddable":true,"href":"https:\/\/reestdalhoeve.nl\/de\/wp-json\/wp\/v2\/pages\/779"}],"wp:attachment":[{"href":"https:\/\/reestdalhoeve.nl\/de\/wp-json\/wp\/v2\/media?parent=753"}],"curies":[{"name":"wp","href":"https:\/\/api.w.org\/{rel}","templated":true}]}}