{"id":747,"date":"2022-11-30T11:15:15","date_gmt":"2022-11-30T10:15:15","guid":{"rendered":"https:\/\/reestdalhoeve.nl\/kontakt\/"},"modified":"2023-01-30T11:39:07","modified_gmt":"2023-01-30T10:39:07","slug":"kontakt","status":"publish","type":"page","link":"https:\/\/reestdalhoeve.nl\/de\/kontakt\/","title":{"rendered":"Kontakt"},"content":{"rendered":"\t\t<div data-elementor-type=\"wp-page\" data-elementor-id=\"747\" class=\"elementor elementor-747 elementor-16\" data-elementor-post-type=\"page\">\n\t\t\t\t\t\t<section class=\"elementor-section elementor-top-section elementor-element elementor-element-8ff864b elementor-section-height-min-height elementor-section-items-bottom elementor-section-boxed elementor-section-height-default\" data-id=\"8ff864b\" data-element_type=\"section\" data-e-type=\"section\" data-settings=\"{&quot;background_background&quot;:&quot;classic&quot;}\">\n\t\t\t\t\t\t\t<div class=\"elementor-background-overlay\"><\/div>\n\t\t\t\t\t\t\t<div class=\"elementor-container elementor-column-gap-default\">\n\t\t\t\t\t<div class=\"elementor-column elementor-col-100 elementor-top-column elementor-element elementor-element-50387dc\" data-id=\"50387dc\" data-element_type=\"column\" data-e-type=\"column\">\n\t\t\t<div class=\"elementor-widget-wrap elementor-element-populated\">\n\t\t\t\t\t\t<div class=\"elementor-element elementor-element-46d8533 elementor-widget elementor-widget-heading\" data-id=\"46d8533\" data-element_type=\"widget\" data-e-type=\"widget\" data-widget_type=\"heading.default\">\n\t\t\t\t<div class=\"elementor-widget-container\">\n\t\t\t\t\t<h1 class=\"elementor-heading-title elementor-size-default\">Haben Sie Fragen oder Anmerkungen?<\/h1>\t\t\t\t<\/div>\n\t\t\t\t<\/div>\n\t\t\t\t<div class=\"elementor-element elementor-element-fbf59fd elementor-widget elementor-widget-heading\" data-id=\"fbf59fd\" data-element_type=\"widget\" data-e-type=\"widget\" data-widget_type=\"heading.default\">\n\t\t\t\t<div class=\"elementor-widget-container\">\n\t\t\t\t\t<h1 class=\"elementor-heading-title elementor-size-default\">Kontakt<\/h1>\t\t\t\t<\/div>\n\t\t\t\t<\/div>\n\t\t\t\t<div class=\"elementor-element elementor-element-9ee6ee4 elementor-align-center elementor-widget elementor-widget-breadcrumbs\" data-id=\"9ee6ee4\" data-element_type=\"widget\" data-e-type=\"widget\" data-widget_type=\"breadcrumbs.default\">\n\t\t\t\t<div class=\"elementor-widget-container\">\n\t\t\t\t\t<p id=\"breadcrumbs\"><span><span><a href=\"https:\/\/reestdalhoeve.nl\/de\/startseite\/\">Startseite<\/a><\/span><\/span><\/p>\t\t\t\t<\/div>\n\t\t\t\t<\/div>\n\t\t\t\t<div class=\"elementor-element elementor-element-4f4a945 elementor-widget elementor-widget-spacer\" data-id=\"4f4a945\" data-element_type=\"widget\" data-e-type=\"widget\" data-widget_type=\"spacer.default\">\n\t\t\t\t<div class=\"elementor-widget-container\">\n\t\t\t\t\t\t\t<div class=\"elementor-spacer\">\n\t\t\t<div class=\"elementor-spacer-inner\"><\/div>\n\t\t<\/div>\n\t\t\t\t\t\t<\/div>\n\t\t\t\t<\/div>\n\t\t\t\t\t<\/div>\n\t\t<\/div>\n\t\t\t\t\t<\/div>\n\t\t<\/section>\n\t\t\t\t<section class=\"elementor-section elementor-top-section elementor-element elementor-element-1eb0bb8 elementor-section-boxed elementor-section-height-default elementor-section-height-default\" data-id=\"1eb0bb8\" data-element_type=\"section\" data-e-type=\"section\" data-settings=\"{&quot;background_background&quot;:&quot;classic&quot;}\">\n\t\t\t\t\t\t<div class=\"elementor-container elementor-column-gap-default\">\n\t\t\t\t\t<div class=\"elementor-column elementor-col-50 elementor-top-column elementor-element elementor-element-7f66b3e\" data-id=\"7f66b3e\" data-element_type=\"column\" data-e-type=\"column\">\n\t\t\t<div class=\"elementor-widget-wrap elementor-element-populated\">\n\t\t\t\t\t\t<div class=\"elementor-element elementor-element-35ec178 elementor-widget elementor-widget-heading\" data-id=\"35ec178\" data-element_type=\"widget\" data-e-type=\"widget\" data-widget_type=\"heading.default\">\n\t\t\t\t<div class=\"elementor-widget-container\">\n\t\t\t\t\t<h2 class=\"elementor-heading-title elementor-size-default\">Kontakt<\/h2>\t\t\t\t<\/div>\n\t\t\t\t<\/div>\n\t\t\t\t<div class=\"elementor-element elementor-element-32d9c4a elementor-widget elementor-widget-text-editor\" data-id=\"32d9c4a\" data-element_type=\"widget\" data-e-type=\"widget\" data-widget_type=\"text-editor.default\">\n\t\t\t\t<div class=\"elementor-widget-container\">\n\t\t\t\t\t\t\t\t\t<p>Haben Sie Fragen oder Anmerkungen? Wenn ja, k\u00f6nnen Sie sich gerne an uns wenden.<\/p>\n<p><strong>Gruppenunterkunft De Reestdalhoeve<br \/><\/strong>Den Huizen 4<br \/>7707 PL Balkbrug<\/p>\n<p><strong><span style=\"color: #ecead9;\">Tel.: <a style=\"color: #ecead9;\" href=\"tel:+31655370189\">+31 (0)6-55370189<\/a><\/span><\/strong><br \/><span style=\"color: #ecead9;\">E-Mail: <a style=\"color: #ecead9;\" href=\"mailto:%20info@reestdalhoeve.nl\">info@reestdalhoeve.nl<\/a><\/span><\/p>\n<p>Eine aktuelle \u00dcbersicht \u00fcber die Verf\u00fcgbarkeit finden Sie <a href=\"https:\/\/reestdalhoeve.nl\/de\/verfuegbarkeit\/\">hier<\/a>.<\/p>\n\t\t\t\t\t\t\t\t<\/div>\n\t\t\t\t<\/div>\n\t\t\t\t\t<\/div>\n\t\t<\/div>\n\t\t\t\t<div class=\"elementor-column elementor-col-50 elementor-top-column elementor-element elementor-element-dddd735\" data-id=\"dddd735\" data-element_type=\"column\" data-e-type=\"column\">\n\t\t\t<div class=\"elementor-widget-wrap elementor-element-populated\">\n\t\t\t\t\t\t<div class=\"elementor-element elementor-element-7193f47 elementor-button-align-start elementor-widget elementor-widget-form\" data-id=\"7193f47\" data-element_type=\"widget\" data-e-type=\"widget\" data-settings=\"{&quot;step_next_label&quot;:&quot;Weiter&quot;,&quot;step_previous_label&quot;:&quot;Vorherige&quot;,&quot;button_width&quot;:&quot;100&quot;,&quot;step_type&quot;:&quot;number_text&quot;,&quot;step_icon_shape&quot;:&quot;circle&quot;}\" data-widget_type=\"form.default\">\n\t\t\t\t<div class=\"elementor-widget-container\">\n\t\t\t\t\t\t\t<form class=\"elementor-form\" method=\"post\" name=\"Kontakt\" aria-label=\"Kontakt\">\n\t\t\t<input type=\"hidden\" name=\"post_id\" value=\"747\"\/>\n\t\t\t<input type=\"hidden\" name=\"form_id\" value=\"7193f47\"\/>\n\t\t\t<input type=\"hidden\" name=\"referer_title\" value=\"Reestdalhoeve  &#8211; Gruppenunterkunft &#8211; Balkbrug (Niederlande)\" \/>\n\n\t\t\t\n\t\t\t<div class=\"elementor-form-fields-wrapper elementor-labels-\">\n\t\t\t\t\t\t\t\t<div class=\"elementor-field-type-text elementor-field-group elementor-column elementor-field-group-voornaam elementor-col-50 elementor-field-required\">\n\t\t\t\t\t\t\t\t\t\t\t\t<label for=\"form-field-voornaam\" class=\"elementor-field-label elementor-screen-only\">\n\t\t\t\t\t\t\t\tVornamen\t\t\t\t\t\t\t<\/label>\n\t\t\t\t\t\t\t\t\t\t\t\t\t\t<input size=\"1\" type=\"text\" name=\"form_fields[voornaam]\" id=\"form-field-voornaam\" class=\"elementor-field elementor-size-sm  elementor-field-textual\" placeholder=\"Vornamen\" required=\"required\">\n\t\t\t\t\t\t\t\t\t\t\t<\/div>\n\t\t\t\t\t\t\t\t<div class=\"elementor-field-type-text elementor-field-group elementor-column elementor-field-group-achternaam elementor-col-50 elementor-field-required\">\n\t\t\t\t\t\t\t\t\t\t\t\t<label for=\"form-field-achternaam\" class=\"elementor-field-label elementor-screen-only\">\n\t\t\t\t\t\t\t\tNachname\t\t\t\t\t\t\t<\/label>\n\t\t\t\t\t\t\t\t\t\t\t\t\t\t<input size=\"1\" type=\"text\" name=\"form_fields[achternaam]\" id=\"form-field-achternaam\" class=\"elementor-field elementor-size-sm  elementor-field-textual\" placeholder=\"Nachname\" required=\"required\">\n\t\t\t\t\t\t\t\t\t\t\t<\/div>\n\t\t\t\t\t\t\t\t<div class=\"elementor-field-type-email elementor-field-group elementor-column elementor-field-group-email elementor-col-100 elementor-field-required\">\n\t\t\t\t\t\t\t\t\t\t\t\t<label for=\"form-field-email\" class=\"elementor-field-label elementor-screen-only\">\n\t\t\t\t\t\t\t\tE-Mail\t\t\t\t\t\t\t<\/label>\n\t\t\t\t\t\t\t\t\t\t\t\t\t\t<input size=\"1\" type=\"email\" name=\"form_fields[email]\" id=\"form-field-email\" class=\"elementor-field elementor-size-sm  elementor-field-textual\" placeholder=\"E-Mail\" required=\"required\">\n\t\t\t\t\t\t\t\t\t\t\t<\/div>\n\t\t\t\t\t\t\t\t<div class=\"elementor-field-type-tel elementor-field-group elementor-column elementor-field-group-telefoon elementor-col-100 elementor-field-required\">\n\t\t\t\t\t\t\t\t\t\t\t\t<label for=\"form-field-telefoon\" class=\"elementor-field-label elementor-screen-only\">\n\t\t\t\t\t\t\t\tTelefon\t\t\t\t\t\t\t<\/label>\n\t\t\t\t\t\t\t\t<input size=\"1\" type=\"tel\" name=\"form_fields[telefoon]\" id=\"form-field-telefoon\" class=\"elementor-field elementor-size-sm  elementor-field-textual\" placeholder=\"Telefon\" required=\"required\" pattern=\"[0-9()#&amp;+*-=.]+\" title=\"Nur Nummern oder Telefon-Zeichen (#, -, *, etc) werden akzeptiert.\">\n\n\t\t\t\t\t\t<\/div>\n\t\t\t\t\t\t\t\t<div class=\"elementor-field-type-textarea elementor-field-group elementor-column elementor-field-group-bericht elementor-col-100 elementor-field-required\">\n\t\t\t\t\t\t\t\t\t\t\t\t<label for=\"form-field-bericht\" class=\"elementor-field-label elementor-screen-only\">\n\t\t\t\t\t\t\t\tGeben Sie hier Ihre Nachricht ein...\t\t\t\t\t\t\t<\/label>\n\t\t\t\t\t\t<textarea class=\"elementor-field-textual elementor-field  elementor-size-sm\" name=\"form_fields[bericht]\" id=\"form-field-bericht\" rows=\"4\" placeholder=\"Geben Sie hier Ihre Nachricht ein...\" required=\"required\"><\/textarea>\t\t\t\t<\/div>\n\t\t\t\t\t\t\t\t<div class=\"elementor-field-type-recaptcha_v3 elementor-field-group elementor-column elementor-field-group-recaptcha elementor-col-100 recaptcha_v3-bottomright\">\n\t\t\t\t\t<div class=\"elementor-field\" id=\"form-field-recaptcha\"><div class=\"elementor-g-recaptcha\" data-sitekey=\"6LeeheYjAAAAAEaEmlb6wvy-cGIZZB8pBcelKTuw\" data-type=\"v3\" data-action=\"Form\" data-badge=\"bottomright\" data-size=\"invisible\"><\/div><\/div>\t\t\t\t<\/div>\n\t\t\t\t\t\t\t\t<div class=\"elementor-field-group elementor-column elementor-field-type-submit elementor-col-100 e-form__buttons\">\n\t\t\t\t\t<button class=\"elementor-button elementor-size-sm\" type=\"submit\">\n\t\t\t\t\t\t<span class=\"elementor-button-content-wrapper\">\n\t\t\t\t\t\t\t\t\t\t\t\t\t\t\t\t\t\t\t\t\t\t<span class=\"elementor-button-text\">Nachricht senden<\/span>\n\t\t\t\t\t\t\t\t\t\t\t\t\t<\/span>\n\t\t\t\t\t<\/button>\n\t\t\t\t<\/div>\n\t\t\t<\/div>\n\t\t<\/form>\n\t\t\t\t\t\t<\/div>\n\t\t\t\t<\/div>\n\t\t\t\t\t<\/div>\n\t\t<\/div>\n\t\t\t\t\t<\/div>\n\t\t<\/section>\n\t\t\t\t<section class=\"elementor-section elementor-top-section elementor-element elementor-element-839c47e elementor-section-full_width elementor-section-height-default elementor-section-height-default\" data-id=\"839c47e\" data-element_type=\"section\" data-e-type=\"section\">\n\t\t\t\t\t\t<div class=\"elementor-container elementor-column-gap-default\">\n\t\t\t\t\t<div class=\"elementor-column elementor-col-100 elementor-top-column elementor-element elementor-element-59be540\" data-id=\"59be540\" data-element_type=\"column\" data-e-type=\"column\">\n\t\t\t<div class=\"elementor-widget-wrap elementor-element-populated\">\n\t\t\t\t\t\t<div class=\"elementor-element elementor-element-b3cc70d elementor-widget elementor-widget-google_maps\" data-id=\"b3cc70d\" data-element_type=\"widget\" data-e-type=\"widget\" data-widget_type=\"google_maps.default\">\n\t\t\t\t<div class=\"elementor-widget-container\">\n\t\t\t\t\t\t\t<div class=\"elementor-custom-embed\">\n\t\t\t<iframe loading=\"lazy\"\n\t\t\t\t\tsrc=\"https:\/\/maps.google.com\/maps?q=Den%20Huizen%204&#038;t=m&#038;z=13&#038;output=embed&#038;iwloc=near\"\n\t\t\t\t\ttitle=\"Den Huizen 4\"\n\t\t\t\t\taria-label=\"Den Huizen 4\"\n\t\t\t><\/iframe>\n\t\t<\/div>\n\t\t\t\t\t\t<\/div>\n\t\t\t\t<\/div>\n\t\t\t\t\t<\/div>\n\t\t<\/div>\n\t\t\t\t\t<\/div>\n\t\t<\/section>\n\t\t\t\t<\/div>\n\t\t","protected":false},"excerpt":{"rendered":"<p>Haben Sie Fragen oder Anmerkungen? Kontakt Kontakt Haben Sie Fragen oder Anmerkungen? Wenn ja, k\u00f6nnen Sie sich gerne an uns wenden. Gruppenunterkunft De ReestdalhoeveDen Huizen 47707 PL Balkbrug Tel.: +31 (0)6-55370189E-Mail: info@reestdalhoeve.nl Eine aktuelle \u00dcbersicht \u00fcber die Verf\u00fcgbarkeit finden Sie hier.<\/p>\n","protected":false},"author":1,"featured_media":0,"parent":0,"menu_order":0,"comment_status":"closed","ping_status":"closed","template":"","meta":{"footnotes":""},"class_list":["post-747","page","type-page","status-publish","hentry"],"yoast_head":"<!-- This site is optimized with the Yoast SEO plugin v27.3 - https:\/\/yoast.com\/product\/yoast-seo-wordpress\/ -->\n<title>Kontakt &#8211; Reestdalhoeve - Gruppenunterkunft - Balkbrug (Niederlande)<\/title>\n<meta name=\"description\" content=\"M\u00f6chten Sie die Gruppenunterkunft buchen? Wir tun dies telefonisch auf einer ma\u00dfgeschneiderten Basis, \u00fcberpr\u00fcfen Sie die Verf\u00fcgbarkeit online.\" \/>\n<meta name=\"robots\" content=\"index, follow, max-snippet:-1, max-image-preview:large, max-video-preview:-1\" \/>\n<link rel=\"canonical\" href=\"https:\/\/reestdalhoeve.nl\/de\/kontakt\/\" \/>\n<meta property=\"og:locale\" content=\"de_DE\" \/>\n<meta property=\"og:type\" content=\"article\" \/>\n<meta property=\"og:title\" content=\"Kontakt &#8211; Reestdalhoeve - Gruppenunterkunft - Balkbrug (Niederlande)\" \/>\n<meta property=\"og:description\" content=\"M\u00f6chten Sie die Gruppenunterkunft buchen? Wir tun dies telefonisch auf einer ma\u00dfgeschneiderten Basis, \u00fcberpr\u00fcfen Sie die Verf\u00fcgbarkeit online.\" \/>\n<meta property=\"og:url\" content=\"https:\/\/reestdalhoeve.nl\/de\/kontakt\/\" \/>\n<meta property=\"og:site_name\" content=\"Reestdalhoeve - Gruppenunterkunft - Balkbrug (Niederlande)\" \/>\n<meta property=\"article:publisher\" content=\"https:\/\/www.facebook.com\/reestdalhoeve\" \/>\n<meta property=\"article:modified_time\" content=\"2023-01-30T10:39:07+00:00\" \/>\n<meta name=\"twitter:card\" content=\"summary_large_image\" \/>\n<script type=\"application\/ld+json\" class=\"yoast-schema-graph\">{\"@context\":\"https:\\\/\\\/schema.org\",\"@graph\":[{\"@type\":\"WebPage\",\"@id\":\"https:\\\/\\\/reestdalhoeve.nl\\\/de\\\/kontakt\\\/\",\"url\":\"https:\\\/\\\/reestdalhoeve.nl\\\/de\\\/kontakt\\\/\",\"name\":\"Kontakt &#8211; Reestdalhoeve - Gruppenunterkunft - Balkbrug (Niederlande)\",\"isPartOf\":{\"@id\":\"https:\\\/\\\/reestdalhoeve.nl\\\/de\\\/#website\"},\"datePublished\":\"2022-11-30T10:15:15+00:00\",\"dateModified\":\"2023-01-30T10:39:07+00:00\",\"description\":\"M\u00f6chten Sie die Gruppenunterkunft buchen? Wir tun dies telefonisch auf einer ma\u00dfgeschneiderten Basis, \u00fcberpr\u00fcfen Sie die Verf\u00fcgbarkeit online.\",\"breadcrumb\":{\"@id\":\"https:\\\/\\\/reestdalhoeve.nl\\\/de\\\/kontakt\\\/#breadcrumb\"},\"inLanguage\":\"de\",\"potentialAction\":[{\"@type\":\"ReadAction\",\"target\":[\"https:\\\/\\\/reestdalhoeve.nl\\\/de\\\/kontakt\\\/\"]}]},{\"@type\":\"BreadcrumbList\",\"@id\":\"https:\\\/\\\/reestdalhoeve.nl\\\/de\\\/kontakt\\\/#breadcrumb\",\"itemListElement\":[{\"@type\":\"ListItem\",\"position\":1,\"name\":\"Startseite\",\"item\":\"https:\\\/\\\/reestdalhoeve.nl\\\/de\\\/startseite\\\/\"},{\"@type\":\"ListItem\",\"position\":2,\"name\":\"Kontakt\"}]},{\"@type\":\"WebSite\",\"@id\":\"https:\\\/\\\/reestdalhoeve.nl\\\/de\\\/#website\",\"url\":\"https:\\\/\\\/reestdalhoeve.nl\\\/de\\\/\",\"name\":\"Reestdalhoeve Groepsaccomodatie Balbrug\",\"description\":\"Gruppenunterkunft\",\"publisher\":{\"@id\":\"https:\\\/\\\/reestdalhoeve.nl\\\/de\\\/#organization\"},\"alternateName\":\"Reestdalhoeve\",\"potentialAction\":[{\"@type\":\"SearchAction\",\"target\":{\"@type\":\"EntryPoint\",\"urlTemplate\":\"https:\\\/\\\/reestdalhoeve.nl\\\/de\\\/?s={search_term_string}\"},\"query-input\":{\"@type\":\"PropertyValueSpecification\",\"valueRequired\":true,\"valueName\":\"search_term_string\"}}],\"inLanguage\":\"de\"},{\"@type\":\"Organization\",\"@id\":\"https:\\\/\\\/reestdalhoeve.nl\\\/de\\\/#organization\",\"name\":\"Reestdalhoeve Gruppenunterkunft Balkbrug\",\"alternateName\":\"Reestdalhoeve\",\"url\":\"https:\\\/\\\/reestdalhoeve.nl\\\/de\\\/\",\"logo\":{\"@type\":\"ImageObject\",\"inLanguage\":\"de\",\"@id\":\"https:\\\/\\\/reestdalhoeve.nl\\\/de\\\/#\\\/schema\\\/logo\\\/image\\\/\",\"url\":\"https:\\/\\/reestdalhoeve.nl\\/wp-content\\/uploads\\/logo-reestdalhoeve.png\",\"contentUrl\":\"https:\\/\\/reestdalhoeve.nl\\/wp-content\\/uploads\\/logo-reestdalhoeve.png\",\"width\":350,\"height\":72,\"caption\":\"Reestdalhoeve Gruppenunterkunft Balkbrug\"},\"image\":{\"@id\":\"https:\\\/\\\/reestdalhoeve.nl\\\/de\\\/#\\\/schema\\\/logo\\\/image\\\/\"},\"sameAs\":[\"https:\\\/\\\/www.facebook.com\\\/reestdalhoeve\"]}]}<\/script>\n<!-- \/ Yoast SEO plugin. -->","yoast_head_json":{"title":"Kontakt &#8211; Reestdalhoeve - Gruppenunterkunft - Balkbrug (Niederlande)","description":"M\u00f6chten Sie die Gruppenunterkunft buchen? Wir tun dies telefonisch auf einer ma\u00dfgeschneiderten Basis, \u00fcberpr\u00fcfen Sie die Verf\u00fcgbarkeit online.","robots":{"index":"index","follow":"follow","max-snippet":"max-snippet:-1","max-image-preview":"max-image-preview:large","max-video-preview":"max-video-preview:-1"},"canonical":"https:\/\/reestdalhoeve.nl\/de\/kontakt\/","og_locale":"de_DE","og_type":"article","og_title":"Kontakt &#8211; Reestdalhoeve - Gruppenunterkunft - Balkbrug (Niederlande)","og_description":"M\u00f6chten Sie die Gruppenunterkunft buchen? Wir tun dies telefonisch auf einer ma\u00dfgeschneiderten Basis, \u00fcberpr\u00fcfen Sie die Verf\u00fcgbarkeit online.","og_url":"https:\/\/reestdalhoeve.nl\/de\/kontakt\/","og_site_name":"Reestdalhoeve - Gruppenunterkunft - Balkbrug (Niederlande)","article_publisher":"https:\/\/www.facebook.com\/reestdalhoeve","article_modified_time":"2023-01-30T10:39:07+00:00","twitter_card":"summary_large_image","schema":{"@context":"https:\/\/schema.org","@graph":[{"@type":"WebPage","@id":"https:\/\/reestdalhoeve.nl\/de\/kontakt\/","url":"https:\/\/reestdalhoeve.nl\/de\/kontakt\/","name":"Kontakt &#8211; Reestdalhoeve - Gruppenunterkunft - Balkbrug (Niederlande)","isPartOf":{"@id":"https:\/\/reestdalhoeve.nl\/de\/#website"},"datePublished":"2022-11-30T10:15:15+00:00","dateModified":"2023-01-30T10:39:07+00:00","description":"M\u00f6chten Sie die Gruppenunterkunft buchen? Wir tun dies telefonisch auf einer ma\u00dfgeschneiderten Basis, \u00fcberpr\u00fcfen Sie die Verf\u00fcgbarkeit online.","breadcrumb":{"@id":"https:\/\/reestdalhoeve.nl\/de\/kontakt\/#breadcrumb"},"inLanguage":"de","potentialAction":[{"@type":"ReadAction","target":["https:\/\/reestdalhoeve.nl\/de\/kontakt\/"]}]},{"@type":"BreadcrumbList","@id":"https:\/\/reestdalhoeve.nl\/de\/kontakt\/#breadcrumb","itemListElement":[{"@type":"ListItem","position":1,"name":"Startseite","item":"https:\/\/reestdalhoeve.nl\/de\/startseite\/"},{"@type":"ListItem","position":2,"name":"Kontakt"}]},{"@type":"WebSite","@id":"https:\/\/reestdalhoeve.nl\/de\/#website","url":"https:\/\/reestdalhoeve.nl\/de\/","name":"Reestdalhoeve Groepsaccomodatie Balbrug","description":"Gruppenunterkunft","publisher":{"@id":"https:\/\/reestdalhoeve.nl\/de\/#organization"},"alternateName":"Reestdalhoeve","potentialAction":[{"@type":"SearchAction","target":{"@type":"EntryPoint","urlTemplate":"https:\/\/reestdalhoeve.nl\/de\/?s={search_term_string}"},"query-input":{"@type":"PropertyValueSpecification","valueRequired":true,"valueName":"search_term_string"}}],"inLanguage":"de"},{"@type":"Organization","@id":"https:\/\/reestdalhoeve.nl\/de\/#organization","name":"Reestdalhoeve Gruppenunterkunft Balkbrug","alternateName":"Reestdalhoeve","url":"https:\/\/reestdalhoeve.nl\/de\/","logo":{"@type":"ImageObject","inLanguage":"de","@id":"https:\/\/reestdalhoeve.nl\/de\/#\/schema\/logo\/image\/","url":"https:\/\/mlermmvk3oie.i.optimole.com\/w:auto\/h:auto\/q:mauto\/f:best\/https:\/\/reestdalhoeve.nl\/wp-content\/uploads\/logo-reestdalhoeve.png","contentUrl":"https:\/\/mlermmvk3oie.i.optimole.com\/w:auto\/h:auto\/q:mauto\/f:best\/https:\/\/reestdalhoeve.nl\/wp-content\/uploads\/logo-reestdalhoeve.png","width":350,"height":72,"caption":"Reestdalhoeve Gruppenunterkunft Balkbrug"},"image":{"@id":"https:\/\/reestdalhoeve.nl\/de\/#\/schema\/logo\/image\/"},"sameAs":["https:\/\/www.facebook.com\/reestdalhoeve"]}]}},"_links":{"self":[{"href":"https:\/\/reestdalhoeve.nl\/de\/wp-json\/wp\/v2\/pages\/747","targetHints":{"allow":["GET"]}}],"collection":[{"href":"https:\/\/reestdalhoeve.nl\/de\/wp-json\/wp\/v2\/pages"}],"about":[{"href":"https:\/\/reestdalhoeve.nl\/de\/wp-json\/wp\/v2\/types\/page"}],"author":[{"embeddable":true,"href":"https:\/\/reestdalhoeve.nl\/de\/wp-json\/wp\/v2\/users\/1"}],"replies":[{"embeddable":true,"href":"https:\/\/reestdalhoeve.nl\/de\/wp-json\/wp\/v2\/comments?post=747"}],"version-history":[{"count":5,"href":"https:\/\/reestdalhoeve.nl\/de\/wp-json\/wp\/v2\/pages\/747\/revisions"}],"predecessor-version":[{"id":913,"href":"https:\/\/reestdalhoeve.nl\/de\/wp-json\/wp\/v2\/pages\/747\/revisions\/913"}],"wp:attachment":[{"href":"https:\/\/reestdalhoeve.nl\/de\/wp-json\/wp\/v2\/media?parent=747"}],"curies":[{"name":"wp","href":"https:\/\/api.w.org\/{rel}","templated":true}]}}